{"id":162,"date":"2017-06-28T16:54:53","date_gmt":"2017-06-28T14:54:53","guid":{"rendered":"http:\/\/www.groupe-centrale.com\/?page_id=162"},"modified":"2026-01-13T10:47:28","modified_gmt":"2026-01-13T09:47:28","slug":"les-ecoles","status":"publish","type":"page","link":"http:\/\/www.groupe-centrale.com\/en\/les-ecoles\/","title":{"rendered":"Ecoles fran\u00e7aises"},"content":{"rendered":"<h1>CentraleSup\u00e9lec<\/h1>\n<p>CentraleSup\u00e9lec est l&#8217;une des 207 \u00e9coles d&#8217;ing\u00e9nieurs fran\u00e7aises accr\u00e9dit\u00e9es au 1er septembre 2017 \u00e0 d\u00e9livrer un dipl\u00f4me d&#8217;ing\u00e9nieur.<\/p>\n<p>Elle na\u00eet en 2015 de la fusion entre Sup\u00e9lec (\u00c9cole sup\u00e9rieure d&#8217;\u00e9lectricit\u00e9, 1894) et l&#8217;\u00c9cole centrale Paris (\u00c9cole centrale des arts et manufactures, 1829).<\/p>\n<p>Elle est plac\u00e9e sous la tutelle conjointe du ministre charg\u00e9 de l&#8217;industrie et du ministre charg\u00e9 de l&#8217;enseignement sup\u00e9rieur, de la recherche et de l&#8217;innovation . Elle est actuellement compos\u00e9e de trois campus : Paris-Saclay, Metz et Rennes.<\/p>\n<p><a href=\"https:\/\/www.centralesupelec.fr\/\">www.centralesupelec.fr<\/a><br \/>\n<a href=\"https:\/\/www.metz.centralesupelec.fr\/\">metz.centralesupelec.fr<\/a><br \/>\n<a href=\"https:\/\/www.rennes.centralesupelec.fr\/\">rennes.centralesupelec.fr<\/a><\/p>\n<h2>Equipe de direction<strong><em><br \/>\n<\/em><\/strong><\/h2>\n<p>Directeur g\u00e9n\u00e9ral de CentraleSup\u00e9lec : <strong>Romain Soubeyran<\/strong><br \/>\nDirectrice g\u00e9n\u00e9rale adjointe : <strong>Xu\u00e2n-Mi Meyer<\/strong><br \/>\nDirecteur g\u00e9n\u00e9ral des Services : <strong>Vincent Jolys<br \/>\n<\/strong>Directeur (par int\u00e9rim) du Marketing et de la Communication\u00a0 :<strong> Adriano Reboulet Cotta<\/strong><br \/>\nDirecteur des Formations : <strong>Franck Richecoeur<\/strong><br \/>\nDirecteur des Etudes du cursus ing\u00e9nieur g\u00e9n\u00e9raliste : <strong>Didier Dumur<br \/>\n<\/strong>Directeur des Programmes Undergraduates et Graduates\u00a0 : <strong>Franck Richecoeur<br \/>\n<\/strong>Directeur de la Recherche <strong>:<\/strong> <strong>Paul-Henry Courn\u00e8de<br \/>\n<\/strong>Directeur des \u00c9tudes des programmes de Bachelor :<strong> Aymeric Vi\u00e9<br \/>\n<\/strong>Conseiller sp\u00e9cial d\u00e9veloppement international\u00a0 : <strong>Didier Clouteau<\/strong><br \/>\nDirectrice de la Relation Entreprise et de la Valorisation : <strong>Ga\u00eblle Lahoun<\/strong><br \/>\nDirecteur du Digital Institute et des Syst\u00e8mes d&#8217;Information : <strong>Renaud Monnet<\/strong><br \/>\nDirectrice des Ressources Humaines :<strong> Christine Lagrais<\/strong><br \/>\nDirectrice de l&#8217;Executive Education CentraleSup\u00e9lec : <strong>C\u00e9line Pr\u00e9cis<\/strong><br \/>\nDirectrice de l&#8217;Entrepreneuriat : <strong>St\u00e9phanie Hajjar<\/strong><br \/>\nDirectrice du campus de Metz : <strong>Delphine Wolfersberger<\/strong><br \/>\nDirecteur du campus de Rennes : <strong>Yves Louet<br \/>\n<\/strong>Directeur du Patrimoine Immobilier et de l&#8217;Environnement de Travail :<strong> Bruno Nivard<br \/>\n<\/strong>Directeur des Affaires Administratives et financi\u00e8res :<strong> Fr\u00e9d\u00e9ric Vichon<\/strong><\/p>\n<p><iframe loading=\"lazy\" title=\"Campus de Paris-Saclay\" width=\"525\" height=\"295\" src=\"https:\/\/www.youtube.com\/embed\/gs13pKN_7XM?feature=oembed\" frameborder=\"0\" allow=\"accelerometer; autoplay; clipboard-write; encrypted-media; gyroscope; picture-in-picture; web-share\" referrerpolicy=\"strict-origin-when-cross-origin\" allowfullscreen><\/iframe><\/p>\n<h1>Centrale Lyon<\/h1>\n<p>Cr\u00e9\u00e9e en 1857, Centrale Lyon figure parmi le top 10 des \u00e9coles d\u2019ing\u00e9nieurs en France. Elle forme plus de 3 000 \u00e9l\u00e8ves de 50 nationalit\u00e9s diff\u00e9rentes sur ses campus de Lyon-\u00c9cully et de Saint-\u00c9tienne\u00a0: assistants ing\u00e9nieurs, ing\u00e9nieurs g\u00e9n\u00e9ralistes, ing\u00e9nieurs de sp\u00e9cialit\u00e9s, masters et doctorants.<br \/>\nAvec le Groupe des \u00c9coles Centrale, elle dispose de 3 implantations \u00e0 l\u2019international (Chine, Maroc, Inde).<br \/>\nSa recherche d\u2019excellence et son enseignement de tr\u00e8s haut niveau lui permettent de nouer des accords de doubles dipl\u00f4mes avec des universit\u00e9s prestigieuses et des partenariats de pointe avec de nombreuses entreprises.<\/p>\n<p>Autour des th\u00e9matiques de sobri\u00e9t\u00e9, d\u2019\u00e9nergie, d\u2019environnement et de d\u00e9carbonation, Centrale Lyon entend r\u00e9pondre aux probl\u00e9matiques des acteurs socio-\u00e9conomiques sur les grandes transitions.<\/p>\n<p><a href=\"https:\/\/www.ec-lyon.fr\/\">https:\/\/www.ec-lyon.fr\/en<\/a><\/p>\n<h2>Equipe de direction<em><br \/>\n<\/em><\/h2>\n<p>Directeur : <strong>Pascal Ray<br \/>\n<\/strong>Directrice de Cabinet, Directrice du D\u00e9veloppement des grandes transitions<strong> : St\u00e9phanie Lanson<\/strong><br \/>\nDirecteur des Formations : <strong>Gr\u00e9gory Vial<\/strong><br \/>\nDirecteur de la Recherche : <strong>Christophe Corre<\/strong><br \/>\nDirectrice g\u00e9n\u00e9rale des Services : <b>Delphine Gardette<\/b><br \/>\nDirecteur du D\u00e9veloppement des Relations Internationales : <strong>Richard Perkins<\/strong><br \/>\nDirecteur du D\u00e9veloppement des Relations Entreprises : <strong>Mohamed Ichchou<\/strong><br \/>\nDirectrice de la Communication : <strong>B\u00e9atrice Traverse<\/strong><br \/>\nAgent comptable, Directrice des Affaires Financi\u00e8res : <strong>Val\u00e9rie Demule<\/strong><br \/>\nDirectrice de la Biblioth\u00e8que : <strong>Clarisse Marandin<\/strong><br \/>\n<strong><br \/>\n<\/strong><\/p>\n<p><iframe loading=\"lazy\" title=\"Une nouvelle identit\u00e9 visuelle pour Centrale Lyon\" width=\"525\" height=\"295\" src=\"https:\/\/www.youtube.com\/embed\/0Lc4X8P7t9A?feature=oembed\" frameborder=\"0\" allow=\"accelerometer; autoplay; clipboard-write; encrypted-media; gyroscope; picture-in-picture; web-share\" referrerpolicy=\"strict-origin-when-cross-origin\" allowfullscreen><\/iframe><\/p>\n<h1>Centrale Nantes<\/h1>\n<p>Centrale Nantes est l&#8217;une des 207 \u00e9coles d&#8217;ing\u00e9nieurs fran\u00e7aises accr\u00e9dit\u00e9es au 1er septembre 2017 \u00e0 d\u00e9livrer un dipl\u00f4me d&#8217;ing\u00e9nieur.<\/p>\n<p>Cr\u00e9\u00e9e en 1919 sous le nom de l&#8217;Institut polytechnique de l&#8217;Ouest, elle est situ\u00e9e dans le quartier Nantes Nord \u00e0 proximit\u00e9 du campus de l&#8217;universit\u00e9 de Nantes.<\/p>\n<p><a href=\"https:\/\/www.ec-nantes.fr\/\">https:\/\/www.ec-nantes.fr\/english-version?l=1<\/a><\/p>\n<h2>Equipe de direction<\/h2>\n<p>Directeur\u00a0: <strong>Jean-Baptiste Avrillier<\/strong><br \/>\nDirectrice adjointe : <strong>Emilie Poirson<br \/>\n<\/strong>Directeur g\u00e9n\u00e9ral des Services : <strong>Jean-Baptiste Hebraud<\/strong><br \/>\nDirecteur de la Formation :\u00a0 <strong>Fr\u00e9d\u00e9ric Grondin<\/strong><br \/>\nDirecteur du D\u00e9veloppement Durable :<strong> Emmanuel Rozi\u00e8re<\/strong><br \/>\nDirecteur de la Recherche :\u00a0 <strong>Frank Plestan<\/strong><br \/>\nDirecteur du D\u00e9veloppement :<strong> Fr\u00e9d\u00e9ric Meslin<\/strong><br \/>\nDirectrice de la Communication : <strong>Val\u00e9rie Chilard<\/strong><br \/>\nDirecteur des Relations Internationales : <strong>Vincent Fr\u00e9mont<\/strong><\/p>\n<p><iframe loading=\"lazy\" title=\"Centrale Nantes gets a makeover!\" width=\"525\" height=\"295\" src=\"https:\/\/www.youtube.com\/embed\/vw25vdwlUNA?feature=oembed\" frameborder=\"0\" allow=\"accelerometer; autoplay; clipboard-write; encrypted-media; gyroscope; picture-in-picture; web-share\" referrerpolicy=\"strict-origin-when-cross-origin\" allowfullscreen><\/iframe><\/p>\n<h1>Centrale Lille<\/h1>\n<p><span style=\"font-size: 1rem;\">Cr\u00e9\u00e9 en 1854, Centrale Lille est un \u00e9tablissement public qui forme des ing\u00e9nieurs et des chercheurs de haut niveau.\u00a0 \u00a0L&#8217;\u00e9tablissement regroupe 4 \u00e9coles d\u2019ing\u00e9nieurs :<br \/>\n<\/span><span style=\"font-size: 1rem;\">&#8211; l\u2019\u00c9cole Centrale de Lille qui forme des ing\u00e9nieurs g\u00e9n\u00e9ralistes,<br \/>\n&#8211; l\u2019ITEEM qui forme des ing\u00e9nieurs, managers, entrepreneurs,<br \/>\n&#8211; l\u2019IG2I qui forme des ing\u00e9nieurs en g\u00e9nie informatique et industriel,<br \/>\n&#8211; l\u2019ENSCL forme des ing\u00e9nieurs chimiste,<br \/>\nsont aujourd\u2019hui une r\u00e9f\u00e9rence dans le monde universitaire.<br \/>\nActeur majeur de l\u2019enseignement sup\u00e9rieur et de la recherche, Centrale Lille c\u2019est aussi huit masters dont trois masters internationaux, deux doctorats, 7 laboratoires de recherche, 5 laboratoires internationaux associ\u00e9s, des chaires d\u2019enseignement et de recherche.<\/span><\/p>\n<p><span style=\"font-size: 1rem;\">Centrale Lille est situ\u00e9 sur un campus scientifique de Villeneuve-d\u2019Ascq.<\/span><\/p>\n<p><a href=\"https:\/\/centralelille.fr\/\">https:\/\/centralelille.fr\/en\/international\/<\/a><\/p>\n<h2>Equipe de Direction<\/h2>\n<p style=\"text-align: left;\">Directeur de l&#8217;Ecole Centrale de Lille : <strong>Thomas Maurer<br \/>\n<\/strong>Directrice g\u00e9n\u00e9rale des Services : <strong>Rachel Fracz-Vitani<br \/>\n<\/strong>Chef de cabinet: <strong>Manuel Hernu<br \/>\n<\/strong>Directrice de la Communication : <strong>Cindy Ducamp<br \/>\n<\/strong>Directeur adjoint Formation et Vie \u00e9tudiante : <strong>Benjamin Katryniok<br \/>\n<\/strong>Directeur adjoint Recherche et Innovation : <strong>Philippe Pernod<br \/>\n<\/strong>Directrice du d\u00e9veloppement des Grandes Transitions: <strong>Ga\u00eblle Fontaine<br \/>\n<\/strong>Directrice du d\u00e9veloppement des relations entreprises : <strong>Anne-Lise Cristol<\/strong><br \/>\nDirecteur du d\u00e9veloppement des Relations Internationales : <strong>Mathieu Thomas de la Pinti\u00e8re<\/strong><br \/>\nDirecteur de l\u2019IG2I : <strong>Michel Hecquet<\/strong><br \/>\nDirecteur de l\u2019ITEEM :<strong> Eric Daniel\u00a0<\/strong><br \/>\nDirectrice de l\u2019ENSCL : <strong>Rose-N\u00f6elle Vannier<\/strong><strong><br \/>\n<\/strong>Agent Comptable : <strong>Sabine Mika<\/strong><\/p>\n<h1>Centrale M\u00e9diterran\u00e9e<\/h1>\n<p>Centrale M\u00e9diterran\u00e9e, est l&#8217;une des 207 \u00e9coles d&#8217;ing\u00e9nieurs fran\u00e7aises accr\u00e9dit\u00e9es au 1er septembre 2017 \u00e0 d\u00e9livrer un dipl\u00f4me d&#8217;ing\u00e9nieur.<\/p>\n<p>Elle est situ\u00e9e \u00e0 Marseille, au c\u0153ur du Technop\u00f4le de Ch\u00e2teau-Gombert, dans le 13e arrondissement de la ville.<\/p>\n<p>\u00c9tablie sous sa forme actuelle en 2006, elle est l&#8217;h\u00e9riti\u00e8re de l&#8217;\u00c9cole d&#8217;Ing\u00e9nieurs de Marseille fond\u00e9e en 1891 et appartient d\u00e9sormais au Groupe des \u00c9coles Centrale.<\/p>\n<p>Elle est d\u00e9sormais implant\u00e9e dans deux des m\u00e9tropoles les plus attractives de France, Marseille et Nice et propose une offre de formations compl\u00e8te allant du post-bac au doctorat.<\/p>\n<p><a href=\"https:\/\/www.centrale-mediterranee.fr\/fr\">centrale-mediterran\u00e9e.fr<\/a><\/p>\n<h2>Equipe de direction<\/h2>\n<p>Directrice :<strong> Carole Deumi\u00e9<br \/>\n<\/strong>Directeur adjoint &#8211; Directeur acad\u00e9mique\u00a0 : <strong>Dominique Eyheramendy<br \/>\n<\/strong>Directrice de Cabinet, de la Communication et de la fondation Centrale M\u00e9diterran\u00e9e :<strong> Alexandra Thirion<br \/>\n<\/strong>Responsable du service Communication : <strong>Alice Hornecker Dumas<br \/>\n<\/strong>Directeur g\u00e9n\u00e9ral des Services : <strong>Matthieu Boussat<br \/>\n<\/strong>Directeur de la Recherche\u00a0 : <strong>Alexandre Martinez<br \/>\n<\/strong>Directeur des Relations Internationales : <strong>Olivier Boiron<\/strong><strong><br \/>\n<\/strong>Directrice du D\u00e9veloppement :<strong> L\u00e9onor Manent<br \/>\n<\/strong>Directrice du Programme Ing\u00e9nieur : <strong>Val\u00e9rie Kazarian<br \/>\n<\/strong>Directeur de la Graduate School : <strong>Julien Fade<br \/>\n<\/strong>Directrice du Programme Bachelor : <strong>Florence Tressols<\/strong><\/p>\n<p><iframe loading=\"lazy\" title=\"\ud83c\udf1e Pr\u00e9sentation de Centrale M\u00e9diterran\u00e9e\" width=\"525\" height=\"295\" src=\"https:\/\/www.youtube.com\/embed\/hM1McysxXqM?feature=oembed\" frameborder=\"0\" allow=\"accelerometer; autoplay; clipboard-write; encrypted-media; gyroscope; picture-in-picture; web-share\" referrerpolicy=\"strict-origin-when-cross-origin\" allowfullscreen><\/iframe><\/p>","protected":false},"excerpt":{"rendered":"<p>CentraleSup\u00e9lec CentraleSup\u00e9lec est l&#8217;une des 207 \u00e9coles d&#8217;ing\u00e9nieurs fran\u00e7aises accr\u00e9dit\u00e9es au 1er septembre 2017 \u00e0 d\u00e9livrer un dipl\u00f4me d&#8217;ing\u00e9nieur. Elle na\u00eet en 2015 de la fusion entre Sup\u00e9lec (\u00c9cole sup\u00e9rieure d&#8217;\u00e9lectricit\u00e9, 1894) et l&#8217;\u00c9cole centrale Paris (\u00c9cole centrale des arts et manufactures, 1829). Elle est plac\u00e9e sous la tutelle conjointe du ministre charg\u00e9 de l&#8217;industrie &hellip; <\/p>\n<p class=\"link-more\"><a href=\"http:\/\/www.groupe-centrale.com\/en\/les-ecoles\/\" class=\"more-link\">Continue reading<span class=\"screen-reader-text\"> &#8220;Ecoles fran\u00e7aises&#8221;<\/span><\/a><\/p>","protected":false},"author":2,"featured_media":0,"parent":0,"menu_order":0,"comment_status":"closed","ping_status":"closed","template":"","meta":{"footnotes":""},"class_list":["post-162","page","type-page","status-publish","hentry"],"_links":{"self":[{"href":"http:\/\/www.groupe-centrale.com\/en\/wp-json\/wp\/v2\/pages\/162","targetHints":{"allow":["GET"]}}],"collection":[{"href":"http:\/\/www.groupe-centrale.com\/en\/wp-json\/wp\/v2\/pages"}],"about":[{"href":"http:\/\/www.groupe-centrale.com\/en\/wp-json\/wp\/v2\/types\/page"}],"author":[{"embeddable":true,"href":"http:\/\/www.groupe-centrale.com\/en\/wp-json\/wp\/v2\/users\/2"}],"replies":[{"embeddable":true,"href":"http:\/\/www.groupe-centrale.com\/en\/wp-json\/wp\/v2\/comments?post=162"}],"version-history":[{"count":142,"href":"http:\/\/www.groupe-centrale.com\/en\/wp-json\/wp\/v2\/pages\/162\/revisions"}],"predecessor-version":[{"id":2311,"href":"http:\/\/www.groupe-centrale.com\/en\/wp-json\/wp\/v2\/pages\/162\/revisions\/2311"}],"wp:attachment":[{"href":"http:\/\/www.groupe-centrale.com\/en\/wp-json\/wp\/v2\/media?parent=162"}],"curies":[{"name":"wp","href":"https:\/\/api.w.org\/{rel}","templated":true}]}}