{"id":26,"date":"2017-06-27T17:46:30","date_gmt":"2017-06-27T15:46:30","guid":{"rendered":"http:\/\/www.groupe-centrale.com\/?page_id=26"},"modified":"2024-09-13T15:17:51","modified_gmt":"2024-09-13T13:17:51","slug":"bienvenue","status":"publish","type":"page","link":"http:\/\/www.groupe-centrale.com\/en\/","title":{"rendered":"Welcome"},"content":{"rendered":"<h1>The Centrale schools<\/h1>\n<p>Founded in December 1990, the Groupe des \u00c9coles Centrale is composed of CentraleSup\u00e9lec, Centrale Lyon, Centrale Nantes, Centrale Lille and Centrale M\u00e9diterran\u00e9e, as well as Centrale Beijing, Centrale School of Engineering Mahindra University and Centrale Casablanca. These eight engineering schools share the same values, missions and vision of the future.<\/p>\n<p>The main mission of the eight schools is to train multidisciplinary general engineers and doctors capable of responding innovatively to the challenges of our society. In France, the Groupe des \u00c9coles Centrale graduates nearly 2,100 engineers every year. It meets the highest standards of academic excellence and research, supported by over 800 permanent teachers and researchers and no fewer than 2,000 external contributors.<\/p>\n\n\n<p><strong>The Ecoles Centrale in France<\/strong> :<\/p>\n\n\n\n<p><a href=\"https:\/\/www.centralesupelec.fr\/\">https:\/\/www.centralesupelec.fr\/en<\/a><br><a href=\"https:\/\/www.ec-lyon.fr\/\">https:\/\/www.ec-lyon.fr\/en<\/a><br><a href=\"https:\/\/www.ec-nantes.fr\/\">https:\/\/www.ec-nantes.fr\/english-version?l=1<\/a><br><a href=\"https:\/\/centralelille.fr\/\">https:\/\/centralelille.fr\/en\/international\/<\/a><br><a href=\"https:\/\/www.centrale-mediterranee.fr\/fr\">https:\/\/www.centrale-mediterranee.fr\/en<\/a><\/p>\n\n\n\n<p><strong>The Ecoles Centrale abroad<\/strong> : <br><br><a href=\"https:\/\/ecpknfr.buaa.edu.cn\/\">https:\/\/ecpknen.buaa.edu.cn\/<\/a><br><a href=\"https:\/\/www.mahindrauniversity.edu.in\/schools\/ecole-centrale-school-of-engineering\/\">https:\/\/www.mahindrauniversity.edu.in\/schools\/ecole-centrale-school-of-engineering\/<\/a><br><a href=\"https:\/\/centrale-casablanca.ma\/\">https:\/\/centrale-casablanca.ma\/en\/<\/a><br><br><br><\/p>\n\n\n\n<p><\/p>","protected":false},"excerpt":{"rendered":"<p>Les \u00e9coles Centrale, des valeurs partag\u00e9es Fond\u00e9 en d\u00e9cembre 1990, Le Groupe des \u00c9coles Centrale regroupe CentraleSup\u00e9lec, Centrale Lyon, Centrale Nantes, Centrale Lille et Centrale M\u00e9diterran\u00e9e ainsi que Centrale P\u00e9kin, Centrale School of Engineering Mahindra University et Centrale Casablanca. Ces huit \u00e9coles d&#8217;ing\u00e9nieurs partagent les m\u00eames valeurs, les m\u00eames missions et la m\u00eame vision de &hellip; <\/p>\n<p class=\"link-more\"><a href=\"http:\/\/www.groupe-centrale.com\/en\/\" class=\"more-link\">Continue reading<span class=\"screen-reader-text\"> &#8220;Bienvenue&#8221;<\/span><\/a><\/p>","protected":false},"author":2,"featured_media":0,"parent":0,"menu_order":0,"comment_status":"closed","ping_status":"closed","template":"","meta":{"footnotes":""},"class_list":["post-26","page","type-page","status-publish","hentry"],"_links":{"self":[{"href":"http:\/\/www.groupe-centrale.com\/en\/wp-json\/wp\/v2\/pages\/26","targetHints":{"allow":["GET"]}}],"collection":[{"href":"http:\/\/www.groupe-centrale.com\/en\/wp-json\/wp\/v2\/pages"}],"about":[{"href":"http:\/\/www.groupe-centrale.com\/en\/wp-json\/wp\/v2\/types\/page"}],"author":[{"embeddable":true,"href":"http:\/\/www.groupe-centrale.com\/en\/wp-json\/wp\/v2\/users\/2"}],"replies":[{"embeddable":true,"href":"http:\/\/www.groupe-centrale.com\/en\/wp-json\/wp\/v2\/comments?post=26"}],"version-history":[{"count":30,"href":"http:\/\/www.groupe-centrale.com\/en\/wp-json\/wp\/v2\/pages\/26\/revisions"}],"predecessor-version":[{"id":1911,"href":"http:\/\/www.groupe-centrale.com\/en\/wp-json\/wp\/v2\/pages\/26\/revisions\/1911"}],"wp:attachment":[{"href":"http:\/\/www.groupe-centrale.com\/en\/wp-json\/wp\/v2\/media?parent=26"}],"curies":[{"name":"wp","href":"https:\/\/api.w.org\/{rel}","templated":true}]}}