{"id":95,"date":"2017-06-28T14:07:06","date_gmt":"2017-06-28T12:07:06","guid":{"rendered":"http:\/\/www.groupe-centrale.com\/?page_id=95"},"modified":"2026-03-10T10:10:36","modified_gmt":"2026-03-10T09:10:36","slug":"international","status":"publish","type":"page","link":"http:\/\/www.groupe-centrale.com\/en\/international\/","title":{"rendered":"Ecoles internationales"},"content":{"rendered":"<h1>https:\/\/ecpknen.buaa.edu.cn\/<\/h1>\n<p>Centrale P\u00e9kin accueille une centaine d&#8217;\u00e9l\u00e8ves-ing\u00e9nieurs chinois par promotion depuis septembre 2005. Chaque promo, apr\u00e8s 1 an d&#8217;\u00e9tudes intensives du fran\u00e7ais, suit 5 ans de formation, 2 ans de classes pr\u00e9paratoires et 3 ans de formation d&#8217;ing\u00e9nieur pour obtenir un double dipl\u00f4me chinois et fran\u00e7ais.<\/p>\n<p><a href=\"http:\/\/ecpkn.buaa.edu.cn\">http:\/\/ecpkn.buaa.edu.cn<\/a><\/p>\n<p><a href=\"http:\/\/www.groupe-centrale.com\/wp-content\/uploads\/2026\/03\/Brochure-Internationaux-2026-VF.pdf\">Brochure \u00e9tudiants internationaux<\/a><\/p>\n<p>Co-directeurs : <strong>Adnane Boukamel et<\/strong> <strong>Geng Lisheng<\/strong><\/p>\n<p>Directeur Adjoint\/Directeur des Etudes: <strong>Renaud Skrzypek<\/strong><\/p>\n<h1>Centrale School of Engineering, Mahindra University<\/h1>\n<p>Fond\u00e9e en ao\u00fbt 2014, Mahindra Ecole Centrale est une collaboration entre l&#8217;entreprise indienne Mahindra, le Groupe Centrale et l&#8217;universit\u00e9 JNTU Hyderabad.<\/p>\n<p><a href=\"http:\/\/www.mahindraecolecentrale.edu.in\/\">http:\/\/www.mahindraecolecentrale.edu.in\/<\/a><\/p>\n<p>Vice Chancellor\u00a0: <strong>Yaj Medury<\/strong><br \/>\nDean (Academics and RnD) : <strong>Visalakshi Talakokula<\/strong><br \/>\nDean (R&amp;D)\u00a0: <strong>Arya Bhattacharya<br \/>\n<\/strong>Dean (Life Science) : <strong>Rajinder Singh<\/strong><\/p>\n<p>Membres fran\u00e7ais du comit\u00e9 de partenariat : <strong>\u00a0Gilles Fleury, Christophe Corre, Vincent Fr\u00e9mont<br \/>\n<\/strong><\/p>\n<h1>https:\/\/centrale-casablanca.ma\/en\/<\/h1>\n<p>Ouverte en 2015, Centrale Casablanca d\u00e9livre en trois ans un dipl\u00f4me d&#8217;ing\u00e9nieur\u00a0d&#8217;\u00c9tat marocain et fran\u00e7ais. Centrale Casablanca est la premi\u00e8re \u00e9cole d\u2019ing\u00e9nieur g\u00e9n\u00e9raliste du Maroc et du continent africain. Sa p\u00e9dagogie innovante et ses programmes tourn\u00e9s vers les grands enjeux du continent visent \u00e0 former des ing\u00e9nieurs de haut niveau scientifique, dot\u00e9s d\u2019une culture pluridisciplinaire et d\u2019une grande ouverture au monde.<\/p>\n<p><a href=\"http:\/\/www.centrale-casablanca.ma\/\">http:\/\/www.centrale-casablanca.ma\/<\/a><\/p>\n<p>Directeur g\u00e9n\u00e9ral : <strong>Jalal Charaf<\/strong><br \/>\nDirecteur g\u00e9n\u00e9ral adjoint\/Directeur de la Recherche et de l&#8217;Innovation : <strong>Herv\u00e9 Martinez<\/strong><br \/>\nDirecteur des Etudes : <strong>Christophe Bidan\u00a0<\/strong><\/p>\n<h1><\/h1>","protected":false},"excerpt":{"rendered":"<p>Centrale P\u00e9kin Centrale P\u00e9kin accueille une centaine d&#8217;\u00e9l\u00e8ves-ing\u00e9nieurs chinois par promotion depuis septembre 2005. Chaque promo, apr\u00e8s 1 an d&#8217;\u00e9tudes intensives du fran\u00e7ais, suit 5 ans de formation, 2 ans de classes pr\u00e9paratoires et 3 ans de formation d&#8217;ing\u00e9nieur pour obtenir un double dipl\u00f4me chinois et fran\u00e7ais. http:\/\/ecpkn.buaa.edu.cn Brochure \u00e9tudiants internationaux Co-directeurs : Adnane Boukamel &hellip; <\/p>\n<p class=\"link-more\"><a href=\"http:\/\/www.groupe-centrale.com\/en\/international\/\" class=\"more-link\">Continue reading<span class=\"screen-reader-text\"> &#8220;Ecoles internationales&#8221;<\/span><\/a><\/p>","protected":false},"author":2,"featured_media":243,"parent":0,"menu_order":0,"comment_status":"closed","ping_status":"closed","template":"","meta":{"footnotes":""},"class_list":["post-95","page","type-page","status-publish","has-post-thumbnail","hentry"],"_links":{"self":[{"href":"http:\/\/www.groupe-centrale.com\/en\/wp-json\/wp\/v2\/pages\/95","targetHints":{"allow":["GET"]}}],"collection":[{"href":"http:\/\/www.groupe-centrale.com\/en\/wp-json\/wp\/v2\/pages"}],"about":[{"href":"http:\/\/www.groupe-centrale.com\/en\/wp-json\/wp\/v2\/types\/page"}],"author":[{"embeddable":true,"href":"http:\/\/www.groupe-centrale.com\/en\/wp-json\/wp\/v2\/users\/2"}],"replies":[{"embeddable":true,"href":"http:\/\/www.groupe-centrale.com\/en\/wp-json\/wp\/v2\/comments?post=95"}],"version-history":[{"count":45,"href":"http:\/\/www.groupe-centrale.com\/en\/wp-json\/wp\/v2\/pages\/95\/revisions"}],"predecessor-version":[{"id":2368,"href":"http:\/\/www.groupe-centrale.com\/en\/wp-json\/wp\/v2\/pages\/95\/revisions\/2368"}],"wp:featuredmedia":[{"embeddable":true,"href":"http:\/\/www.groupe-centrale.com\/en\/wp-json\/wp\/v2\/media\/243"}],"wp:attachment":[{"href":"http:\/\/www.groupe-centrale.com\/en\/wp-json\/wp\/v2\/media?parent=95"}],"curies":[{"name":"wp","href":"https:\/\/api.w.org\/{rel}","templated":true}]}}