{"id":104,"date":"2017-06-28T14:17:20","date_gmt":"2017-06-28T12:17:20","guid":{"rendered":"http:\/\/www.groupe-centrale.com\/?page_id=104"},"modified":"2024-09-13T15:21:19","modified_gmt":"2024-09-13T13:21:19","slug":"chiffres-cles","status":"publish","type":"page","link":"https:\/\/www.groupe-centrale.com\/en\/chiffres-cles\/","title":{"rendered":"Key figures"},"content":{"rendered":"<p>Around <strong>10,000 engineering students,<\/strong> including 2,000 international students<\/p>\n<p><strong>1,300 masters students<\/strong><\/p>\n<p>More than<strong> 1,000 doctoral students<\/strong><\/p>\n<p>Nearly <strong>1,000 teachers, lecturers and researchers<\/strong><\/p>\n<p><strong>26 research laboratories<\/strong> , including 12 international ones<\/p>\n<p class=\" translation-block\">35 industrial chairs<\/p>\n<p class=\" translation-block\">134 international university partners<\/p>","protected":false},"excerpt":{"rendered":"<p>Environ 10000 \u00e9l\u00e8ves ing\u00e9nieurs dont 2000 internationaux 1300 \u00e9l\u00e8ves en masters Plus de 1000 doctorants Pr\u00e8s de 1000 enseignants, enseignants-chercheurs et chercheurs 26 Laboratoires de recherche dont 12 internationaux 35 chaires industrielles 134 partenaires universitaires internationaux<\/p>","protected":false},"author":2,"featured_media":175,"parent":0,"menu_order":0,"comment_status":"closed","ping_status":"closed","template":"","meta":{"footnotes":""},"class_list":["post-104","page","type-page","status-publish","has-post-thumbnail","hentry"],"_links":{"self":[{"href":"https:\/\/www.groupe-centrale.com\/en\/wp-json\/wp\/v2\/pages\/104","targetHints":{"allow":["GET"]}}],"collection":[{"href":"https:\/\/www.groupe-centrale.com\/en\/wp-json\/wp\/v2\/pages"}],"about":[{"href":"https:\/\/www.groupe-centrale.com\/en\/wp-json\/wp\/v2\/types\/page"}],"author":[{"embeddable":true,"href":"https:\/\/www.groupe-centrale.com\/en\/wp-json\/wp\/v2\/users\/2"}],"replies":[{"embeddable":true,"href":"https:\/\/www.groupe-centrale.com\/en\/wp-json\/wp\/v2\/comments?post=104"}],"version-history":[{"count":9,"href":"https:\/\/www.groupe-centrale.com\/en\/wp-json\/wp\/v2\/pages\/104\/revisions"}],"predecessor-version":[{"id":1913,"href":"https:\/\/www.groupe-centrale.com\/en\/wp-json\/wp\/v2\/pages\/104\/revisions\/1913"}],"wp:featuredmedia":[{"embeddable":true,"href":"https:\/\/www.groupe-centrale.com\/en\/wp-json\/wp\/v2\/media\/175"}],"wp:attachment":[{"href":"https:\/\/www.groupe-centrale.com\/en\/wp-json\/wp\/v2\/media?parent=104"}],"curies":[{"name":"wp","href":"https:\/\/api.w.org\/{rel}","templated":true}]}}