{"id":164,"date":"2017-06-28T16:55:02","date_gmt":"2017-06-28T14:55:02","guid":{"rendered":"http:\/\/www.groupe-centrale.com\/?page_id=164"},"modified":"2023-09-15T14:06:08","modified_gmt":"2023-09-15T12:06:08","slug":"la-gouvernance","status":"publish","type":"page","link":"https:\/\/www.groupe-centrale.com\/en\/la-gouvernance\/","title":{"rendered":"Gouvernance"},"content":{"rendered":"<h1>Groupe des Ecoles Centrale<\/h1>\n<p>Pr\u00e9sident : <strong>Romain Soubeyran<br \/>\n<\/strong>Vice-pr\u00e9sident : <strong>Pascal Ray<br \/>\n<\/strong>D\u00e9l\u00e9gu\u00e9 g\u00e9n\u00e9ral : <strong>Gilles Fleury<\/strong><\/p>\n<h2>Conseil d&#8217;administration<\/h2>\n<p><strong>Romain Soubeyran<\/strong>\u00a0(Pr\u00e9sident), <strong>Pascal Ray<\/strong> (Vice-pr\u00e9sident), <strong>Jean-Baptiste Avrillier<\/strong>, <strong>Thomas Maurer<\/strong>, <strong>Carole Deumi\u00e9, Xu\u00e2n-Mi Meyer.<\/strong><\/p>","protected":false},"excerpt":{"rendered":"<p>Groupe des Ecoles Centrale Pr\u00e9sident : Romain Soubeyran Vice-pr\u00e9sident : Pascal Ray D\u00e9l\u00e9gu\u00e9 g\u00e9n\u00e9ral : Gilles Fleury Conseil d&#8217;administration Romain Soubeyran\u00a0(Pr\u00e9sident), Pascal Ray (Vice-pr\u00e9sident), Jean-Baptiste Avrillier, Thomas Maurer, Carole Deumi\u00e9, Xu\u00e2n-Mi Meyer.<\/p>","protected":false},"author":2,"featured_media":0,"parent":0,"menu_order":0,"comment_status":"closed","ping_status":"closed","template":"","meta":{"footnotes":""},"class_list":["post-164","page","type-page","status-publish","hentry"],"_links":{"self":[{"href":"https:\/\/www.groupe-centrale.com\/en\/wp-json\/wp\/v2\/pages\/164","targetHints":{"allow":["GET"]}}],"collection":[{"href":"https:\/\/www.groupe-centrale.com\/en\/wp-json\/wp\/v2\/pages"}],"about":[{"href":"https:\/\/www.groupe-centrale.com\/en\/wp-json\/wp\/v2\/types\/page"}],"author":[{"embeddable":true,"href":"https:\/\/www.groupe-centrale.com\/en\/wp-json\/wp\/v2\/users\/2"}],"replies":[{"embeddable":true,"href":"https:\/\/www.groupe-centrale.com\/en\/wp-json\/wp\/v2\/comments?post=164"}],"version-history":[{"count":19,"href":"https:\/\/www.groupe-centrale.com\/en\/wp-json\/wp\/v2\/pages\/164\/revisions"}],"predecessor-version":[{"id":1242,"href":"https:\/\/www.groupe-centrale.com\/en\/wp-json\/wp\/v2\/pages\/164\/revisions\/1242"}],"wp:attachment":[{"href":"https:\/\/www.groupe-centrale.com\/en\/wp-json\/wp\/v2\/media?parent=164"}],"curies":[{"name":"wp","href":"https:\/\/api.w.org\/{rel}","templated":true}]}}