{"id":203,"date":"2017-12-04T19:41:17","date_gmt":"2017-12-04T18:41:17","guid":{"rendered":"http:\/\/www.groupe-centrale.com\/?page_id=203"},"modified":"2018-05-03T15:31:03","modified_gmt":"2018-05-03T13:31:03","slug":"digital-lab","status":"publish","type":"page","link":"https:\/\/www.groupe-centrale.com\/en\/digital-lab\/","title":{"rendered":"Centrale Digital Lab"},"content":{"rendered":"<h1>Qu&#8217;est-ce que le Centrale Digital Lab ?<\/h1>\n<p>C&#8217;est un <strong>dispositif innovant<\/strong> de formation cr\u00e9\u00e9 par le Groupe des Ecoles Centrale (CentraleSup\u00e9lec, Centrale Lyon, Centrale Nantes, Centrale Lille et Centrale Marseille). Il s&#8217;adresse \u00e0 des \u00e9tudiants qui suivent une formation d&#8217;ing\u00e9nieur en \u00e9cole ou \u00e0 l&#8217;universit\u00e9. Il leur propose de consacrer une ann\u00e9e compl\u00e8te \u00e0 <strong>se former \u00e0 la Transformation Num\u00e9rique<\/strong> des entreprises par exemple dans le cadre d&#8217;une ann\u00e9e de c\u00e9sure.<\/p>\n<h1>En quoi est-ce diff\u00e9rent ?<\/h1>\n<p>Durant un an, les \u00e9tudiants r\u00e9alisent <strong>des projets concrets<\/strong>, en \u00e9quipe, et au contact d&#8217;entreprises partenaires de toutes tailles (start-ups, PME, ETI, Grands Groupes, Collectivit\u00e9s, Services Publics et Para-publics).\u00a0 L&#8217;acquisition des comp\u00e9tences (Design Thinking, Lean Startup, Intelligence Artificielle, Economie Num\u00e9rique, Programmation Web) se fait au fil des projets et non pas en cours magistral ou en classe.\u00a0\u00a0<strong>\u00ab Learning by doing \u00bb<\/strong> est la marque de fabrique du dispositif.<\/p>\n<p>Le cursus Centrale Digital Lab est soutenu par le Programme d\u2019Investissements d\u2019Avenir, il est laur\u00e9at de l\u2019appel \u00e0 projets \u00ab Disrupt\u2019 Campus \u00bb propos\u00e9 par BPI France.<\/p>\n<p><img loading=\"lazy\" decoding=\"async\" class=\"size-full wp-image-216 aligncenter\" src=\"http:\/\/www.groupe-centrale.com\/wp-content\/uploads\/2017\/12\/Investissements_davenir_-_logo.jpeg.png\" alt=\"\" width=\"220\" height=\"220\" srcset=\"https:\/\/www.groupe-centrale.com\/wp-content\/uploads\/2017\/12\/Investissements_davenir_-_logo.jpeg.png 220w, https:\/\/www.groupe-centrale.com\/wp-content\/uploads\/2017\/12\/Investissements_davenir_-_logo.jpeg-150x150.png 150w, https:\/\/www.groupe-centrale.com\/wp-content\/uploads\/2017\/12\/Investissements_davenir_-_logo.jpeg-100x100.png 100w\" sizes=\"auto, (max-width: 220px) 100vw, 220px\" \/><\/p>\n<h1>O\u00f9 se situe le Centrale Digital Lab ?<\/h1>\n<p>Nous proposons 3 implantations en 2018 : Paris, Lyon et Nantes. Lille et Marseille ouvriront en 2019.<\/p>\n<h1>En quoi consiste une ann\u00e9e dans le Centrale Digital Lab ?<\/h1>\n<p>Pour un \u00e9tudiant du Centrale Digital Lab, le programme est le suivant :<\/p>\n<ul>\n<li>pour commencer, un s\u00e9minaire d&#8217;initiation \u00e0 l&#8217;Intelligence Artificielle (une semaine)<\/li>\n<li>puis 2 projets de 7 semaines chacun, en \u00e9quipe, pour d\u00e9velopper un prototype d&#8217;application qui r\u00e9pond \u00e0 un vrai besoin en entreprise<\/li>\n<li>puis un s\u00e9minaire d&#8217;initiation \u00e0 l&#8217;Economie Num\u00e9rique et un troisi\u00e8me projet, toujours en \u00e9quipe et en lien avec une entreprise<\/li>\n<li>puis un stage en entreprise de 5 mois<\/li>\n<\/ul>\n<p><img loading=\"lazy\" decoding=\"async\" class=\"size-full wp-image-214 aligncenter\" src=\"http:\/\/www.groupe-centrale.com\/wp-content\/uploads\/2017\/12\/CentraleDigitalLab-1.png\" alt=\"\" width=\"640\" height=\"223\" srcset=\"https:\/\/www.groupe-centrale.com\/wp-content\/uploads\/2017\/12\/CentraleDigitalLab-1.png 640w, https:\/\/www.groupe-centrale.com\/wp-content\/uploads\/2017\/12\/CentraleDigitalLab-1-300x105.png 300w\" sizes=\"auto, (max-width: 640px) 100vw, 640px\" \/><\/p>\n<h1>Je suis \u00e9tudiant et je souhaite rejoindre le Centrale Digital Lab durant un an, comment faire ?<\/h1>\n<p>Si vous suivez une formation ing\u00e9nieur ou en master d\u2019ing\u00e9nierie (en \u00e9cole ou en universit\u00e9), vous pouvez pr\u00e9senter une candidature au Centrale Digital Lab pour y participer avant ou apr\u00e8s votre derni\u00e8re ann\u00e9e de formation ing\u00e9nieur. Par exemple, pour un \u00e9tudiant en universit\u00e9, le Centrale Digital Lab peut \u00eatre suivi avant ou apr\u00e8s votre ann\u00e9e de M2.<\/p>\n<p>Pour remplir le dossier de candidature, cliquez ici<\/p>\n<h1>Je suis une entreprise et je souhaite mener des projets de Transformation Num\u00e9rique avec les \u00e9tudiants du Centrale Digital Lab<\/h1>\n<p>Vous pouvez contacter :<\/p>\n<p><a href=\"mailto:gwladys.lefevre@centralesupelec.fr\"><img loading=\"lazy\" decoding=\"async\" class=\"size-full wp-image-220 alignnone\" src=\"http:\/\/www.groupe-centrale.com\/wp-content\/uploads\/2017\/12\/id2.png\" alt=\"\" width=\"177\" height=\"177\" srcset=\"https:\/\/www.groupe-centrale.com\/wp-content\/uploads\/2017\/12\/id2.png 177w, https:\/\/www.groupe-centrale.com\/wp-content\/uploads\/2017\/12\/id2-150x150.png 150w, https:\/\/www.groupe-centrale.com\/wp-content\/uploads\/2017\/12\/id2-100x100.png 100w\" sizes=\"auto, (max-width: 177px) 100vw, 177px\" \/><\/a><br \/>\nGwladys Lefevre pour Paris<br \/>\n<a href=\"mailto:gwladys.lefevre@centralesupelec.fr\">gwladys.lefevre@centralesupelec.fr<\/a><\/p>\n<p><a href=\"mailto:romain.habig@ec-lyon.fr\"><img loading=\"lazy\" decoding=\"async\" class=\"size-full wp-image-221 alignnone\" src=\"http:\/\/www.groupe-centrale.com\/wp-content\/uploads\/2017\/12\/id1.png\" alt=\"\" width=\"177\" height=\"177\" srcset=\"https:\/\/www.groupe-centrale.com\/wp-content\/uploads\/2017\/12\/id1.png 177w, https:\/\/www.groupe-centrale.com\/wp-content\/uploads\/2017\/12\/id1-150x150.png 150w, https:\/\/www.groupe-centrale.com\/wp-content\/uploads\/2017\/12\/id1-100x100.png 100w\" sizes=\"auto, (max-width: 177px) 100vw, 177px\" \/><\/a><br \/>\nRomain Habig pour Lyon et Nantes<br \/>\n<a href=\"mailto:romain.habig@ec-lyon.fr\">romain.habig@ec-lyon.fr<\/a><\/p>","protected":false},"excerpt":{"rendered":"<p>Qu&#8217;est-ce que le Centrale Digital Lab ? C&#8217;est un dispositif innovant de formation cr\u00e9\u00e9 par le Groupe des Ecoles Centrale (CentraleSup\u00e9lec, Centrale Lyon, Centrale Nantes, Centrale Lille et Centrale Marseille). Il s&#8217;adresse \u00e0 des \u00e9tudiants qui suivent une formation d&#8217;ing\u00e9nieur en \u00e9cole ou \u00e0 l&#8217;universit\u00e9. Il leur propose de consacrer une ann\u00e9e compl\u00e8te \u00e0 se &hellip; <\/p>\n<p class=\"link-more\"><a href=\"https:\/\/www.groupe-centrale.com\/en\/digital-lab\/\" class=\"more-link\">Continue reading<span class=\"screen-reader-text\"> &#8220;Centrale Digital Lab&#8221;<\/span><\/a><\/p>","protected":false},"author":2,"featured_media":0,"parent":0,"menu_order":0,"comment_status":"closed","ping_status":"closed","template":"","meta":{"footnotes":""},"class_list":["post-203","page","type-page","status-publish","hentry"],"_links":{"self":[{"href":"https:\/\/www.groupe-centrale.com\/en\/wp-json\/wp\/v2\/pages\/203","targetHints":{"allow":["GET"]}}],"collection":[{"href":"https:\/\/www.groupe-centrale.com\/en\/wp-json\/wp\/v2\/pages"}],"about":[{"href":"https:\/\/www.groupe-centrale.com\/en\/wp-json\/wp\/v2\/types\/page"}],"author":[{"embeddable":true,"href":"https:\/\/www.groupe-centrale.com\/en\/wp-json\/wp\/v2\/users\/2"}],"replies":[{"embeddable":true,"href":"https:\/\/www.groupe-centrale.com\/en\/wp-json\/wp\/v2\/comments?post=203"}],"version-history":[{"count":12,"href":"https:\/\/www.groupe-centrale.com\/en\/wp-json\/wp\/v2\/pages\/203\/revisions"}],"predecessor-version":[{"id":327,"href":"https:\/\/www.groupe-centrale.com\/en\/wp-json\/wp\/v2\/pages\/203\/revisions\/327"}],"wp:attachment":[{"href":"https:\/\/www.groupe-centrale.com\/en\/wp-json\/wp\/v2\/media?parent=203"}],"curies":[{"name":"wp","href":"https:\/\/api.w.org\/{rel}","templated":true}]}}