{"id":27,"date":"2017-06-27T17:46:30","date_gmt":"2017-06-27T15:46:30","guid":{"rendered":"http:\/\/www.groupe-centrale.com\/?page_id=27"},"modified":"2018-05-03T15:58:53","modified_gmt":"2018-05-03T13:58:53","slug":"groupe-centrale","status":"publish","type":"page","link":"https:\/\/www.groupe-centrale.com\/en\/groupe-centrale\/","title":{"rendered":"Le Groupe Centrale"},"content":{"rendered":"<h1>Un groupe fond\u00e9 sur des valeurs partag\u00e9es<\/h1>\n<p>Fond\u00e9 en d\u00e9cembre 1990, Le Groupe des \u00c9coles Centrale regroupe CentraleSup\u00e9lec, Centrale Lyon, Centrale Lille, Centrale Marseille et Centrale Nantes ainsi que Centrale P\u00e9kin, Mahindra \u00c9cole centrale et Centrale Casablanca. Ces huit \u00e9coles d&#8217;ing\u00e9nieurs partagent les m\u00eames valeurs, les m\u00eames missions et la m\u00eame vision de l&#8217;avenir.<\/p>\n<p>La mission principale des huit \u00e9tablissements est de former des ing\u00e9nieurs g\u00e9n\u00e9ralistes pluridisciplinaires et des docteurs capables de r\u00e9pondre de fa\u00e7on innovante aux d\u00e9fis de notre soci\u00e9t\u00e9. En France, le Groupe des \u00c9coles Centrale dipl\u00f4me chaque ann\u00e9e pr\u00e8s de 1500 ing\u00e9nieurs. Il r\u00e9pond aux crit\u00e8res d&#8217;excellence acad\u00e9mique et de recherche gr\u00e2ce \u00e0 l&#8217;investissement de plus de 800 enseignants et chercheurs permanents et pas moins de 2000 intervenants ext\u00e9rieurs.<\/p>\n<h2>The Centrale engineer<\/h2>\n<p>Centrale engineers are multidisciplinary general engineers with the potential to :<\/p>\n<ul>\n<li>apply science and technology for the benefit of mankind, society, businesses and organizations;<\/li>\n<li>be a leader, entrepreneur, innovator and agent of change;<\/li>\n<li>integrate technologies and design, and manage complex systems in all their dimensions.<\/li>\n<\/ul>\n<p>Agile, pioneer and determined, Centrale engineers are well suited to fast-evolving, cosmopolitan environments.<\/p>\n<p><iframe loading=\"lazy\" title=\"Ing\u00e9nieur Centralien, un choix pour tous\" width=\"525\" height=\"295\" src=\"https:\/\/www.youtube.com\/embed\/y6bjQzXP9RY?feature=oembed\" frameborder=\"0\" allow=\"accelerometer; autoplay; clipboard-write; encrypted-media; gyroscope; picture-in-picture; web-share\" referrerpolicy=\"strict-origin-when-cross-origin\" allowfullscreen><\/iframe><\/p>","protected":false},"excerpt":{"rendered":"<p>Un groupe fond\u00e9 sur des valeurs partag\u00e9es Fond\u00e9 en d\u00e9cembre 1990, Le Groupe des \u00c9coles Centrale regroupe CentraleSup\u00e9lec, Centrale Lyon, Centrale Lille, Centrale Marseille et Centrale Nantes ainsi que Centrale P\u00e9kin, Mahindra \u00c9cole centrale et Centrale Casablanca. Ces huit \u00e9coles d&#8217;ing\u00e9nieurs partagent les m\u00eames valeurs, les m\u00eames missions et la m\u00eame vision de l&#8217;avenir. La &hellip; <\/p>\n<p class=\"link-more\"><a href=\"https:\/\/www.groupe-centrale.com\/en\/groupe-centrale\/\" class=\"more-link\">Continue reading<span class=\"screen-reader-text\"> &#8220;Le Groupe Centrale&#8221;<\/span><\/a><\/p>","protected":false},"author":2,"featured_media":248,"parent":0,"menu_order":0,"comment_status":"closed","ping_status":"closed","template":"","meta":{"footnotes":""},"class_list":["post-27","page","type-page","status-publish","has-post-thumbnail","hentry"],"_links":{"self":[{"href":"https:\/\/www.groupe-centrale.com\/en\/wp-json\/wp\/v2\/pages\/27","targetHints":{"allow":["GET"]}}],"collection":[{"href":"https:\/\/www.groupe-centrale.com\/en\/wp-json\/wp\/v2\/pages"}],"about":[{"href":"https:\/\/www.groupe-centrale.com\/en\/wp-json\/wp\/v2\/types\/page"}],"author":[{"embeddable":true,"href":"https:\/\/www.groupe-centrale.com\/en\/wp-json\/wp\/v2\/users\/2"}],"replies":[{"embeddable":true,"href":"https:\/\/www.groupe-centrale.com\/en\/wp-json\/wp\/v2\/comments?post=27"}],"version-history":[{"count":16,"href":"https:\/\/www.groupe-centrale.com\/en\/wp-json\/wp\/v2\/pages\/27\/revisions"}],"predecessor-version":[{"id":334,"href":"https:\/\/www.groupe-centrale.com\/en\/wp-json\/wp\/v2\/pages\/27\/revisions\/334"}],"wp:featuredmedia":[{"embeddable":true,"href":"https:\/\/www.groupe-centrale.com\/en\/wp-json\/wp\/v2\/media\/248"}],"wp:attachment":[{"href":"https:\/\/www.groupe-centrale.com\/en\/wp-json\/wp\/v2\/media?parent=27"}],"curies":[{"name":"wp","href":"https:\/\/api.w.org\/{rel}","templated":true}]}}