{"id":284,"date":"2018-01-15T14:50:32","date_gmt":"2018-01-15T13:50:32","guid":{"rendered":"http:\/\/www.groupe-centrale.com\/?page_id=284"},"modified":"2024-09-13T14:08:29","modified_gmt":"2024-09-13T12:08:29","slug":"lingenieur-centralien","status":"publish","type":"page","link":"https:\/\/www.groupe-centrale.com\/en\/lingenieur-centralien\/","title":{"rendered":"The Centrale engineer"},"content":{"rendered":"<h2>A multi-disciplinary generalist engineer<\/h2>\n<p>Centrale engineers are multidisciplinary general engineers with the potential to :<\/p>\n<ul>\n<li>apply science and technology for the benefit of mankind, society, businesses and organizations;<\/li>\n<li>be a leader, entrepreneur, innovator and agent of change;<\/li>\n<li>integrate technologies and design, and manage complex systems in all their dimensions.<\/li>\n<\/ul>\n<p>Agile, pioneer and determined, Centrale engineers are well suited to fast-evolving, cosmopolitan environments.<\/p>","protected":false},"excerpt":{"rendered":"<p>Un ing\u00e9nieur g\u00e9n\u00e9raliste pluridisciplinaire L&#8217;ing\u00e9nieur centralien est un ing\u00e9nieur g\u00e9n\u00e9raliste pluridisciplinaire qui a tout le potentiel pour : mettre en \u0153uvre les sciences et les technologies au service du progr\u00e8s de l&#8217;Homme, de la soci\u00e9t\u00e9, des entreprises et des organisations, \u00eatre leader, entrepreneur, innovateur et acteur du changement int\u00e9grer les technologies, concevoir et ma\u00eetriser des &hellip; <\/p>\n<p class=\"link-more\"><a href=\"https:\/\/www.groupe-centrale.com\/en\/lingenieur-centralien\/\" class=\"more-link\">Continue reading<span class=\"screen-reader-text\"> &#8220;L&#8217;ing\u00e9nieur centralien&#8221;<\/span><\/a><\/p>","protected":false},"author":2,"featured_media":254,"parent":0,"menu_order":0,"comment_status":"closed","ping_status":"closed","template":"","meta":{"footnotes":""},"class_list":["post-284","page","type-page","status-publish","has-post-thumbnail","hentry"],"_links":{"self":[{"href":"https:\/\/www.groupe-centrale.com\/en\/wp-json\/wp\/v2\/pages\/284","targetHints":{"allow":["GET"]}}],"collection":[{"href":"https:\/\/www.groupe-centrale.com\/en\/wp-json\/wp\/v2\/pages"}],"about":[{"href":"https:\/\/www.groupe-centrale.com\/en\/wp-json\/wp\/v2\/types\/page"}],"author":[{"embeddable":true,"href":"https:\/\/www.groupe-centrale.com\/en\/wp-json\/wp\/v2\/users\/2"}],"replies":[{"embeddable":true,"href":"https:\/\/www.groupe-centrale.com\/en\/wp-json\/wp\/v2\/comments?post=284"}],"version-history":[{"count":3,"href":"https:\/\/www.groupe-centrale.com\/en\/wp-json\/wp\/v2\/pages\/284\/revisions"}],"predecessor-version":[{"id":1908,"href":"https:\/\/www.groupe-centrale.com\/en\/wp-json\/wp\/v2\/pages\/284\/revisions\/1908"}],"wp:featuredmedia":[{"embeddable":true,"href":"https:\/\/www.groupe-centrale.com\/en\/wp-json\/wp\/v2\/media\/254"}],"wp:attachment":[{"href":"https:\/\/www.groupe-centrale.com\/en\/wp-json\/wp\/v2\/media?parent=284"}],"curies":[{"name":"wp","href":"https:\/\/api.w.org\/{rel}","templated":true}]}}